{"id":10528,"date":"2025-04-08T12:14:17","date_gmt":"2025-04-08T10:14:17","guid":{"rendered":"https:\/\/www.perfume-week.com\/grasse-perfume-week\/informations-pratiques-grasse-perfume-week\/"},"modified":"2025-07-24T11:19:07","modified_gmt":"2025-07-24T09:19:07","slug":"practical-information-grasse-perfume-week","status":"publish","type":"page","link":"https:\/\/www.perfume-week.com\/en\/grasse-perfume-week\/practical-information-grasse-perfume-week\/","title":{"rendered":"Practical information &#8211; Grasse Perfume Week"},"content":{"rendered":"\n<h2 class=\"wp-block-heading\">The Venues<\/h2>\n\n\n\n<p><strong>HOW TO GET TO GRASSE<\/strong><\/p>\n\n\n\n<p><strong>By train:<\/strong><\/p>\n\n\n\n<p>SNCF TER Line Cannes \u21d4 Grasse<br>Duration: about 22 minutes; last departure around 9 PM; cost approximately \u20ac7<br>Note: The SNCF station in Grasse is located at the bottom of the town; walking up to the city center involves an uphill climb.<\/p>\n\n\n\n<p><strong>To access the historic center from the train station:<\/strong><\/p>\n\n\n\n<p>Bus lines:<\/p>\n\n\n\n<ul class=\"wp-block-list\">\n<li>Centifolia line<\/li>\n\n\n\n<li>Sillages 5 line Grasse SNCF \u21d4 Grasse City Center<\/li>\n\n\n\n<li>Sillages A line Grasse SNCF \u21d4 Grasse City Center<\/li>\n\n\n\n<li>Sillages G line Grasse SNCF \u21d4 Fragonard<\/li>\n<\/ul>\n\n\n\n<p>Buses run every 30 minutes; service until 10 PM; fares start at \u20ac1.50<\/p>\n\n\n\n<p><strong>To access the historic center from Cannes (SNCF Station):<\/strong><\/p>\n\n\n\n<ul class=\"wp-block-list\">\n<li>ZOU Noctambus 661 Cannes \u21d4 Grasse (for night arrivals)<\/li>\n\n\n\n<li>ZOU Proximit\u00e9 660 Cannes (SNCF Station) \u21d4 Grasse (SNCF Station)<\/li>\n\n\n\n<li>ZOU Proximit\u00e9 662 Cannes (SNCF Station) \u21d4 P\u00e9gomas via Grasse (SNCF Station)<\/li>\n<\/ul>\n\n\n\n<p>Duration: about 1 hour; last departure at 9 PM; fare \u20ac2.10 per trip<\/p>\n\n\n\n<p><strong>By car:<\/strong><\/p>\n\n\n\n<p><strong>Park-and-Ride Lots (P+R):<\/strong><\/p>\n\n\n\n<ul class=\"wp-block-list\">\n<li>Route de la Marigarde, 06130 Grasse \u2014 Park-and-ride with bus connections to the city center<\/li>\n\n\n\n<li>Parking Notre Dame Des Fleurs, 2 Place de la Buanderie, 06130 Grasse<\/li>\n\n\n\n<li>Parking La Roque, 6 Boulevard Gambetta, 06130 Grasse<\/li>\n\n\n\n<li>Parking Indigo Grasse La Foux, Av. du Mar\u00e9chal Juin, 06130 Grasse<\/li>\n\n\n\n<li>Parking Indigo Grasse Honor\u00e9 Cresp, 17 Bd Fragonard, 06130 Grasse<\/li>\n<\/ul>\n\n\n\n<p><strong>By plane:<\/strong><\/p>\n\n\n\n<p>From Nice C\u00f4te d\u2019Azur Airport to Grasse:<\/p>\n\n\n\n<ul class=\"wp-block-list\">\n<li>SNCF TER Line Nice \u21d4 Grasse<br>Duration: about 1 hour; last departure around 8 PM; cost approximately \u20ac12<\/li>\n\n\n\n<li>ZOU Express 81 Nice Airport (Terminal 2) \u21d4 Cannes (SNCF Station), then transfer from Cannes to Grasse (see above information)<\/li>\n<\/ul>\n\n\n\n<hr class=\"wp-block-separator has-alpha-channel-opacity\"\/>\n\n\n\n<p><strong>WHERE TO STAY?<\/strong><\/p>\n\n\n\n<p><strong>In Grasse:<\/strong><\/p>\n\n\n\n<ul class=\"wp-block-list\">\n<li>Best Western Plus Elixir Hotel (Rue Martine Carol, 06130 Grasse)<br><a href=\"https:\/\/www.bestwestern.fr\/fr\/hotel-Grasse-BEST-WESTERN-Hotel-Elixir-Grasse-93800\">https:\/\/www.bestwestern.fr\/fr\/hotel-Grasse-BEST-WESTERN-Hotel-Elixir-Grasse-93800<\/a><\/li>\n\n\n\n<li>H\u00f4tel La Bellaudi\u00e8re (78 Avenue Pierre Ziller, 06130 Grasse)<br><a href=\"https:\/\/labellaudiere.com\/\">https:\/\/labellaudiere.com<\/a><\/li>\n\n\n\n<li>Auberge Les Ar\u00f4mes (115 Route de Cannes, 06130 Grasse)<br><a href=\"https:\/\/auberge-les-aromes.leprovencehotels.com\/fr\">https:\/\/auberge-les-aromes.leprovencehotels.com\/fr<\/a><\/li>\n\n\n\n<li>H\u00f4tel La Bastide Saint-Antoine (48 avenue Henri Dunant, 06130 Grasse)<br><a href=\"https:\/\/www.relaischateaux.com\/fr\/hotel\/la-bastide-saint-antoine\">https:\/\/www.relaischateaux.com\/fr\/hotel\/la-bastide-saint-antoine<\/a><\/li>\n<\/ul>\n\n\n\n<p><strong>In Mougins:<\/strong><\/p>\n\n\n\n<ul class=\"wp-block-list\">\n<li>H\u00f4tel de Mougins \/ La Bastide de Mougins (205 Avenue du Golf, 06250 Mougins)<br><a href=\"https:\/\/www.hotel-de-mougins.com\/\">https:\/\/www.hotel-de-mougins.com<\/a><\/li>\n\n\n\n<li>H\u00f4tel Ibis Budget Cannes Mougins (245 Chemin du Belv\u00e9d\u00e8re, 06250 Mougins)<br><a href=\"https:\/\/all.accor.com\/ssr\/app\/ibis\/rates\/2601\/index.fr.shtml?destination=06250-mougins-france\">https:\/\/all.accor.com\/ssr\/app\/ibis\/rates\/2601\/index.fr.shtml?destination=06250-mougins-france<\/a><\/li>\n\n\n\n<li>H\u00f4tel Les Liserons (608 Avenue Saint Martin, 06250 Mougins)<br><a href=\"https:\/\/www.hotel-liserons-mougins.com\/\">https:\/\/www.hotel-liserons-mougins.com<\/a><\/li>\n\n\n\n<li>H\u00f4tel Villa Sophia (348 Avenue de la Valmasque, 06250 Mougins)<\/li>\n<\/ul>\n\n\n\n<p><strong>In Mouans-Sartoux:<\/strong><\/p>\n\n\n\n<ul class=\"wp-block-list\">\n<li>B&amp;B H\u00f4tel Cannes &#8211; Mouans-Sartoux (139 Mont\u00e9e Iseppi, 06370 Mouans-Sartoux)<br><a href=\"https:\/\/www.hotel-bb.com\/fr\/hotel\/cannes-mouans-sartoux\">https:\/\/www.hotel-bb.com\/fr\/hotel\/cannes-mouans-sartoux<\/a><\/li>\n\n\n\n<li>H\u00f4tel CasaBella (45 Avenue de Cannes, 06370 Mouans-Sartoux)<br><a href=\"https:\/\/www.guestreservations.com\/hotel-casabella-mouans-sartoux\/booking\">https:\/\/www.guestreservations.com\/hotel-casabella-mouans-sartoux\/booking<\/a><\/li>\n\n\n\n<li>H\u00f4tel Urban Style Cannes Mouans-Sartoux (460 avenue de la Quiera, 06370 Mouans-Sartoux)<br><a href=\"https:\/\/www.hotelurban.fr\/\">https:\/\/www.hotelurban.fr<\/a><\/li>\n\n\n\n<li>H\u00f4tel Ibis Cannes Mouans-Sartoux (20 Avenue des Sources, 06370 Mouans-Sartoux)<br><a href=\"https:\/\/all.accor.com\/ssr\/app\/ibis\/rates\/6866\/index.fr.shtml?destination=06370-mouans-sartoux-france\">https:\/\/all.accor.com\/ssr\/app\/ibis\/rates\/6866\/index.fr.shtml?destination=06370-mouans-sartoux-france<\/a><\/li>\n\n\n\n<li>H\u00f4tel La Bastide des Golfs (400 Route de Valbonne, 06370 Mouans-Sartoux)<\/li>\n<\/ul>\n\n\n\n<p><strong>In Cannes:<\/strong><\/p>\n\n\n\n<ul class=\"wp-block-list\">\n<li>Best Western Cannes Riviera Hotel (16 boulevard d&#8217;Alsace, 06400 Cannes)<br><a href=\"https:\/\/www.bestwestern.fr\/fr\/hotel-Cannes-Best-Western-Cannes-Riviera-Hotel-93669\">https:\/\/www.bestwestern.fr\/fr\/hotel-Cannes-Best-Western-Cannes-Riviera-Hotel-93669<\/a><\/li>\n\n\n\n<li>Okko Hotels Cannes Centre (6 bis place de la Gare, 06400 Cannes)<br><a href=\"https:\/\/www.guestreservations.com\/okko-hotels-cannes-centre\/booking\">https:\/\/www.guestreservations.com\/okko-hotels-cannes-centre\/booking<\/a><\/li>\n\n\n\n<li>H\u00f4tel Villa Pruly (32 boulevard d&#8217;Alsace, 06400 Cannes)<\/li>\n<\/ul>\n\n\n\n<p><\/p>\n","protected":false},"excerpt":{"rendered":"<p>The Venues HOW TO GET TO GRASSE By train: SNCF TER Line Cannes \u21d4 GrasseDuration: about 22 minutes; last departure around 9 PM; cost approximately \u20ac7Note: The SNCF station in Grasse is located at the bottom of the town; walking up to the city center involves an uphill climb. To access the historic center from [&hellip;]<\/p>\n","protected":false},"author":4,"featured_media":0,"parent":9684,"menu_order":0,"comment_status":"closed","ping_status":"closed","template":"","meta":{"_acf_changed":false,"inline_featured_image":false,"footnotes":""},"ville":[162],"class_list":["post-10528","page","type-page","status-publish","hentry","ville-grasse-en"],"acf":[],"yoast_head":"<!-- This site is optimized with the Yoast SEO plugin v27.4 - https:\/\/yoast.com\/product\/yoast-seo-wordpress\/ -->\n<title>Practical information - Grasse Perfume Week - Perfume Week, by Nez<\/title>\n<meta name=\"description\" content=\"The Venues HOW TO GET TO GRASSE By train: SNCF TER Line Cannes \u21d4 GrasseDuration: about 22 minutes; last departure around 9 PM; cost approximately \u20ac7Note:\" \/>\n<meta name=\"robots\" content=\"index, follow, max-snippet:-1, max-image-preview:large, max-video-preview:-1\" \/>\n<link rel=\"canonical\" href=\"https:\/\/www.perfume-week.com\/en\/grasse-perfume-week\/practical-information-grasse-perfume-week\/\" \/>\n<meta property=\"og:locale\" content=\"en_US\" \/>\n<meta property=\"og:type\" content=\"article\" \/>\n<meta property=\"og:title\" content=\"Practical information - Grasse Perfume Week - Perfume Week, by Nez\" \/>\n<meta property=\"og:description\" content=\"The Venues HOW TO GET TO GRASSE By train: SNCF TER Line Cannes \u21d4 GrasseDuration: about 22 minutes; last departure around 9 PM; cost approximately \u20ac7Note:\" \/>\n<meta property=\"og:url\" content=\"https:\/\/www.perfume-week.com\/en\/grasse-perfume-week\/practical-information-grasse-perfume-week\/\" \/>\n<meta property=\"og:site_name\" content=\"Perfume Week, by Nez\" \/>\n<meta property=\"article:publisher\" content=\"https:\/\/facebook.com\/nezarevue\" \/>\n<meta property=\"article:modified_time\" content=\"2025-07-24T09:19:07+00:00\" \/>\n<meta property=\"og:image\" content=\"https:\/\/www.perfume-week.com\/wp-content\/uploads\/2025\/07\/IMAGE_PARIS_PERFUME_WEEK_26_LIGHT.jpg\" \/>\n\t<meta property=\"og:image:width\" content=\"1000\" \/>\n\t<meta property=\"og:image:height\" content=\"707\" \/>\n\t<meta property=\"og:image:type\" content=\"image\/jpeg\" \/>\n<meta name=\"twitter:card\" content=\"summary_large_image\" \/>\n<meta name=\"twitter:label1\" content=\"Est. reading time\" \/>\n\t<meta name=\"twitter:data1\" content=\"3 minutes\" \/>\n<script type=\"application\/ld+json\" class=\"yoast-schema-graph\">{\"@context\":\"https:\\\/\\\/schema.org\",\"@graph\":[{\"@type\":\"WebPage\",\"@id\":\"https:\\\/\\\/www.perfume-week.com\\\/en\\\/grasse-perfume-week\\\/practical-information-grasse-perfume-week\\\/\",\"url\":\"https:\\\/\\\/www.perfume-week.com\\\/en\\\/grasse-perfume-week\\\/practical-information-grasse-perfume-week\\\/\",\"name\":\"Practical information - Grasse Perfume Week - Perfume Week, by Nez\",\"isPartOf\":{\"@id\":\"https:\\\/\\\/www.perfume-week.com\\\/en\\\/#website\"},\"datePublished\":\"2025-04-08T10:14:17+00:00\",\"dateModified\":\"2025-07-24T09:19:07+00:00\",\"description\":\"The Venues HOW TO GET TO GRASSE By train: SNCF TER Line Cannes \u21d4 GrasseDuration: about 22 minutes; last departure around 9 PM; cost approximately \u20ac7Note:\",\"breadcrumb\":{\"@id\":\"https:\\\/\\\/www.perfume-week.com\\\/en\\\/grasse-perfume-week\\\/practical-information-grasse-perfume-week\\\/#breadcrumb\"},\"inLanguage\":\"en-US\",\"potentialAction\":[{\"@type\":\"ReadAction\",\"target\":[\"https:\\\/\\\/www.perfume-week.com\\\/en\\\/grasse-perfume-week\\\/practical-information-grasse-perfume-week\\\/\"]}]},{\"@type\":\"BreadcrumbList\",\"@id\":\"https:\\\/\\\/www.perfume-week.com\\\/en\\\/grasse-perfume-week\\\/practical-information-grasse-perfume-week\\\/#breadcrumb\",\"itemListElement\":[{\"@type\":\"ListItem\",\"position\":1,\"name\":\"Accueil\",\"item\":\"https:\\\/\\\/www.perfume-week.com\\\/en\\\/\"},{\"@type\":\"ListItem\",\"position\":2,\"name\":\"Grasse Perfume Week\",\"item\":\"https:\\\/\\\/www.perfume-week.com\\\/en\\\/grasse-perfume-week\\\/\"},{\"@type\":\"ListItem\",\"position\":3,\"name\":\"Practical information &#8211; Grasse Perfume Week\"}]},{\"@type\":\"WebSite\",\"@id\":\"https:\\\/\\\/www.perfume-week.com\\\/en\\\/#website\",\"url\":\"https:\\\/\\\/www.perfume-week.com\\\/en\\\/\",\"name\":\"Paris Perfume Week, by Nez\",\"description\":\"The international gathering for perfume and olfactory culture, by Nez\",\"publisher\":{\"@id\":\"https:\\\/\\\/www.perfume-week.com\\\/en\\\/#organization\"},\"potentialAction\":[{\"@type\":\"SearchAction\",\"target\":{\"@type\":\"EntryPoint\",\"urlTemplate\":\"https:\\\/\\\/www.perfume-week.com\\\/en\\\/?s={search_term_string}\"},\"query-input\":{\"@type\":\"PropertyValueSpecification\",\"valueRequired\":true,\"valueName\":\"search_term_string\"}}],\"inLanguage\":\"en-US\"},{\"@type\":\"Organization\",\"@id\":\"https:\\\/\\\/www.perfume-week.com\\\/en\\\/#organization\",\"name\":\"Le rendez-vous international du parfum et de la culture olfactive, by Nez\",\"url\":\"https:\\\/\\\/www.perfume-week.com\\\/en\\\/\",\"logo\":{\"@type\":\"ImageObject\",\"inLanguage\":\"en-US\",\"@id\":\"https:\\\/\\\/www.perfume-week.com\\\/en\\\/#\\\/schema\\\/logo\\\/image\\\/\",\"url\":\"https:\\\/\\\/www.perfume-week.com\\\/wp-content\\\/uploads\\\/2023\\\/12\\\/PARIS_PERFUME_WEEK_BLANC-1.svg\",\"contentUrl\":\"https:\\\/\\\/www.perfume-week.com\\\/wp-content\\\/uploads\\\/2023\\\/12\\\/PARIS_PERFUME_WEEK_BLANC-1.svg\",\"width\":493,\"height\":262,\"caption\":\"Le rendez-vous international du parfum et de la culture olfactive, by Nez\"},\"image\":{\"@id\":\"https:\\\/\\\/www.perfume-week.com\\\/en\\\/#\\\/schema\\\/logo\\\/image\\\/\"},\"sameAs\":[\"https:\\\/\\\/facebook.com\\\/nezarevue\",\"https:\\\/\\\/www.instagram.com\\\/perfumeweek\"]}]}<\/script>\n<!-- \/ Yoast SEO plugin. -->","yoast_head_json":{"title":"Practical information - Grasse Perfume Week - Perfume Week, by Nez","description":"The Venues HOW TO GET TO GRASSE By train: SNCF TER Line Cannes \u21d4 GrasseDuration: about 22 minutes; last departure around 9 PM; cost approximately \u20ac7Note:","robots":{"index":"index","follow":"follow","max-snippet":"max-snippet:-1","max-image-preview":"max-image-preview:large","max-video-preview":"max-video-preview:-1"},"canonical":"https:\/\/www.perfume-week.com\/en\/grasse-perfume-week\/practical-information-grasse-perfume-week\/","og_locale":"en_US","og_type":"article","og_title":"Practical information - Grasse Perfume Week - Perfume Week, by Nez","og_description":"The Venues HOW TO GET TO GRASSE By train: SNCF TER Line Cannes \u21d4 GrasseDuration: about 22 minutes; last departure around 9 PM; cost approximately \u20ac7Note:","og_url":"https:\/\/www.perfume-week.com\/en\/grasse-perfume-week\/practical-information-grasse-perfume-week\/","og_site_name":"Perfume Week, by Nez","article_publisher":"https:\/\/facebook.com\/nezarevue","article_modified_time":"2025-07-24T09:19:07+00:00","og_image":[{"width":1000,"height":707,"url":"https:\/\/www.perfume-week.com\/wp-content\/uploads\/2025\/07\/IMAGE_PARIS_PERFUME_WEEK_26_LIGHT.jpg","type":"image\/jpeg"}],"twitter_card":"summary_large_image","twitter_misc":{"Est. reading time":"3 minutes"},"schema":{"@context":"https:\/\/schema.org","@graph":[{"@type":"WebPage","@id":"https:\/\/www.perfume-week.com\/en\/grasse-perfume-week\/practical-information-grasse-perfume-week\/","url":"https:\/\/www.perfume-week.com\/en\/grasse-perfume-week\/practical-information-grasse-perfume-week\/","name":"Practical information - Grasse Perfume Week - Perfume Week, by Nez","isPartOf":{"@id":"https:\/\/www.perfume-week.com\/en\/#website"},"datePublished":"2025-04-08T10:14:17+00:00","dateModified":"2025-07-24T09:19:07+00:00","description":"The Venues HOW TO GET TO GRASSE By train: SNCF TER Line Cannes \u21d4 GrasseDuration: about 22 minutes; last departure around 9 PM; cost approximately \u20ac7Note:","breadcrumb":{"@id":"https:\/\/www.perfume-week.com\/en\/grasse-perfume-week\/practical-information-grasse-perfume-week\/#breadcrumb"},"inLanguage":"en-US","potentialAction":[{"@type":"ReadAction","target":["https:\/\/www.perfume-week.com\/en\/grasse-perfume-week\/practical-information-grasse-perfume-week\/"]}]},{"@type":"BreadcrumbList","@id":"https:\/\/www.perfume-week.com\/en\/grasse-perfume-week\/practical-information-grasse-perfume-week\/#breadcrumb","itemListElement":[{"@type":"ListItem","position":1,"name":"Accueil","item":"https:\/\/www.perfume-week.com\/en\/"},{"@type":"ListItem","position":2,"name":"Grasse Perfume Week","item":"https:\/\/www.perfume-week.com\/en\/grasse-perfume-week\/"},{"@type":"ListItem","position":3,"name":"Practical information &#8211; Grasse Perfume Week"}]},{"@type":"WebSite","@id":"https:\/\/www.perfume-week.com\/en\/#website","url":"https:\/\/www.perfume-week.com\/en\/","name":"Paris Perfume Week, by Nez","description":"The international gathering for perfume and olfactory culture, by Nez","publisher":{"@id":"https:\/\/www.perfume-week.com\/en\/#organization"},"potentialAction":[{"@type":"SearchAction","target":{"@type":"EntryPoint","urlTemplate":"https:\/\/www.perfume-week.com\/en\/?s={search_term_string}"},"query-input":{"@type":"PropertyValueSpecification","valueRequired":true,"valueName":"search_term_string"}}],"inLanguage":"en-US"},{"@type":"Organization","@id":"https:\/\/www.perfume-week.com\/en\/#organization","name":"Le rendez-vous international du parfum et de la culture olfactive, by Nez","url":"https:\/\/www.perfume-week.com\/en\/","logo":{"@type":"ImageObject","inLanguage":"en-US","@id":"https:\/\/www.perfume-week.com\/en\/#\/schema\/logo\/image\/","url":"https:\/\/www.perfume-week.com\/wp-content\/uploads\/2023\/12\/PARIS_PERFUME_WEEK_BLANC-1.svg","contentUrl":"https:\/\/www.perfume-week.com\/wp-content\/uploads\/2023\/12\/PARIS_PERFUME_WEEK_BLANC-1.svg","width":493,"height":262,"caption":"Le rendez-vous international du parfum et de la culture olfactive, by Nez"},"image":{"@id":"https:\/\/www.perfume-week.com\/en\/#\/schema\/logo\/image\/"},"sameAs":["https:\/\/facebook.com\/nezarevue","https:\/\/www.instagram.com\/perfumeweek"]}]}},"_links":{"self":[{"href":"https:\/\/www.perfume-week.com\/en\/wp-json\/wp\/v2\/pages\/10528","targetHints":{"allow":["GET"]}}],"collection":[{"href":"https:\/\/www.perfume-week.com\/en\/wp-json\/wp\/v2\/pages"}],"about":[{"href":"https:\/\/www.perfume-week.com\/en\/wp-json\/wp\/v2\/types\/page"}],"author":[{"embeddable":true,"href":"https:\/\/www.perfume-week.com\/en\/wp-json\/wp\/v2\/users\/4"}],"replies":[{"embeddable":true,"href":"https:\/\/www.perfume-week.com\/en\/wp-json\/wp\/v2\/comments?post=10528"}],"version-history":[{"count":0,"href":"https:\/\/www.perfume-week.com\/en\/wp-json\/wp\/v2\/pages\/10528\/revisions"}],"up":[{"embeddable":true,"href":"https:\/\/www.perfume-week.com\/en\/wp-json\/wp\/v2\/pages\/9684"}],"wp:attachment":[{"href":"https:\/\/www.perfume-week.com\/en\/wp-json\/wp\/v2\/media?parent=10528"}],"wp:term":[{"taxonomy":"ville","embeddable":true,"href":"https:\/\/www.perfume-week.com\/en\/wp-json\/wp\/v2\/ville?post=10528"}],"curies":[{"name":"wp","href":"https:\/\/api.w.org\/{rel}","templated":true}]}}